{"id":8,"date":"2024-03-13T20:08:18","date_gmt":"2024-03-13T20:08:18","guid":{"rendered":"https:\/\/sistemas.tiangua.ifce.edu.br\/inicio\/?page_id=8"},"modified":"2024-04-02T03:40:52","modified_gmt":"2024-04-02T03:40:52","slug":"contact","status":"publish","type":"page","link":"https:\/\/sistemas.tiangua.ifce.edu.br\/?page_id=8","title":{"rendered":"Contato"},"content":{"rendered":"\n<br>\n<p>Estamos aqui para ajudar! N\u00e3o hesite em nos contatar por telefone ou e-mail se tiver alguma d\u00favida ou precisar de mais informa\u00e7\u00f5es. <\/p>\n\n\n\n<p><\/p>\n\n\n\n<br>\n<p>Para entrar em contato conosco:<\/p>\n\n\n\n<p>Telefone: (85) 3401-2438 <\/p>\n\n\n\n<p>E-mail: <a>gabinete.tiangua@ifce.edu.br<\/a><\/p>\n","protected":false},"excerpt":{"rendered":"<p>Estamos aqui para ajudar! N\u00e3o hesite em nos contatar por telefone ou e-mail se tiver alguma d\u00favida ou precisar de mais informa\u00e7\u00f5es. Para entrar em contato conosco: Telefone: (85) 3401-2438 E-mail: gabinete.tiangua@ifce.edu.br<\/p>\n","protected":false},"author":1,"featured_media":0,"parent":0,"menu_order":0,"comment_status":"closed","ping_status":"closed","template":"","meta":{"_themeisle_gutenberg_block_has_review":false,"footnotes":""},"class_list":["post-8","page","type-page","status-publish","hentry","entry"],"_links":{"self":[{"href":"https:\/\/sistemas.tiangua.ifce.edu.br\/index.php?rest_route=\/wp\/v2\/pages\/8","targetHints":{"allow":["GET"]}}],"collection":[{"href":"https:\/\/sistemas.tiangua.ifce.edu.br\/index.php?rest_route=\/wp\/v2\/pages"}],"about":[{"href":"https:\/\/sistemas.tiangua.ifce.edu.br\/index.php?rest_route=\/wp\/v2\/types\/page"}],"author":[{"embeddable":true,"href":"https:\/\/sistemas.tiangua.ifce.edu.br\/index.php?rest_route=\/wp\/v2\/users\/1"}],"replies":[{"embeddable":true,"href":"https:\/\/sistemas.tiangua.ifce.edu.br\/index.php?rest_route=%2Fwp%2Fv2%2Fcomments&post=8"}],"version-history":[{"count":7,"href":"https:\/\/sistemas.tiangua.ifce.edu.br\/index.php?rest_route=\/wp\/v2\/pages\/8\/revisions"}],"predecessor-version":[{"id":200,"href":"https:\/\/sistemas.tiangua.ifce.edu.br\/index.php?rest_route=\/wp\/v2\/pages\/8\/revisions\/200"}],"wp:attachment":[{"href":"https:\/\/sistemas.tiangua.ifce.edu.br\/index.php?rest_route=%2Fwp%2Fv2%2Fmedia&parent=8"}],"curies":[{"name":"wp","href":"https:\/\/api.w.org\/{rel}","templated":true}]}}